{"id":41,"date":"2026-03-11T11:53:49","date_gmt":"2026-03-11T10:53:49","guid":{"rendered":"http:\/\/ckz-jg.pl\/?page_id=41"},"modified":"2026-03-11T11:54:40","modified_gmt":"2026-03-11T10:54:40","slug":"werewr","status":"publish","type":"page","link":"http:\/\/ckz-jg.pl\/","title":{"rendered":"werewr"},"content":{"rendered":"\t\t<div data-elementor-type=\"wp-page\" data-elementor-id=\"41\" class=\"elementor elementor-41\">\n\t\t\t\t<div class=\"elementor-element elementor-element-3df2dd5 e-flex e-con-boxed e-con e-parent\" data-id=\"3df2dd5\" data-element_type=\"container\" data-e-type=\"container\">\n\t\t\t\t\t<div class=\"e-con-inner\">\n\t\t\t\t<div class=\"elementor-element elementor-element-8b8561a elementor-widget elementor-widget-spacer\" data-id=\"8b8561a\" data-element_type=\"widget\" data-e-type=\"widget\" data-widget_type=\"spacer.default\">\n\t\t\t\t\t\t\t<div class=\"elementor-spacer\">\n\t\t\t<div class=\"elementor-spacer-inner\"><\/div>\n\t\t<\/div>\n\t\t\t\t\t\t<\/div>\n\t\t\t\t\t<\/div>\n\t\t\t\t<\/div>\n\t\t<div class=\"elementor-element elementor-element-0426f80 e-flex e-con-boxed e-con e-parent\" data-id=\"0426f80\" data-element_type=\"container\" data-e-type=\"container\">\n\t\t\t\t\t<div class=\"e-con-inner\">\n\t\t<div class=\"elementor-element elementor-element-13f2347 e-con-full e-flex e-con e-child\" data-id=\"13f2347\" data-element_type=\"container\" data-e-type=\"container\">\n\t\t\t\t<div class=\"elementor-element elementor-element-ed8434e elementor-widget elementor-widget-spacer\" data-id=\"ed8434e\" data-element_type=\"widget\" data-e-type=\"widget\" data-widget_type=\"spacer.default\">\n\t\t\t\t\t\t\t<div class=\"elementor-spacer\">\n\t\t\t<div class=\"elementor-spacer-inner\"><\/div>\n\t\t<\/div>\n\t\t\t\t\t\t<\/div>\n\t\t\t\t<\/div>\n\t\t\t\t<div class=\"elementor-element elementor-element-07c0ac5 elementor-widget elementor-widget-text-editor\" data-id=\"07c0ac5\" data-element_type=\"widget\" data-e-type=\"widget\" data-widget_type=\"text-editor.default\">\n\t\t\t\t\t\t\t\t\t<p>Witamy na stronie Centrum Kszta\u0142cenia Zawodowego Jelenia G\u00f3ra.<\/p><p>Wkr\u00f3tce opublikujemy wi\u0119cej informacji na temat naszej dzia\u0142alno\u015bci.<\/p>\t\t\t\t\t\t\t\t<\/div>\n\t\t\t\t\t<\/div>\n\t\t\t\t<\/div>\n\t\t\t\t<\/div>\n\t\t","protected":false},"excerpt":{"rendered":"<p>Witamy na stronie Centrum Kszta\u0142cenia Zawodowego Jelenia G\u00f3ra. Wkr\u00f3tce opublikujemy wi\u0119cej informacji na temat naszej dzia\u0142alno\u015bci.<\/p>\n","protected":false},"author":1,"featured_media":0,"parent":0,"menu_order":0,"comment_status":"closed","ping_status":"closed","template":"elementor_canvas","meta":{"footnotes":""},"class_list":["post-41","page","type-page","status-publish","hentry"],"_links":{"self":[{"href":"http:\/\/ckz-jg.pl\/index.php?rest_route=\/wp\/v2\/pages\/41","targetHints":{"allow":["GET"]}}],"collection":[{"href":"http:\/\/ckz-jg.pl\/index.php?rest_route=\/wp\/v2\/pages"}],"about":[{"href":"http:\/\/ckz-jg.pl\/index.php?rest_route=\/wp\/v2\/types\/page"}],"author":[{"embeddable":true,"href":"http:\/\/ckz-jg.pl\/index.php?rest_route=\/wp\/v2\/users\/1"}],"replies":[{"embeddable":true,"href":"http:\/\/ckz-jg.pl\/index.php?rest_route=%2Fwp%2Fv2%2Fcomments&post=41"}],"version-history":[{"count":16,"href":"http:\/\/ckz-jg.pl\/index.php?rest_route=\/wp\/v2\/pages\/41\/revisions"}],"predecessor-version":[{"id":57,"href":"http:\/\/ckz-jg.pl\/index.php?rest_route=\/wp\/v2\/pages\/41\/revisions\/57"}],"wp:attachment":[{"href":"http:\/\/ckz-jg.pl\/index.php?rest_route=%2Fwp%2Fv2%2Fmedia&parent=41"}],"curies":[{"name":"wp","href":"https:\/\/api.w.org\/{rel}","templated":true}]}}